{"id":219,"date":"2021-09-01T13:44:21","date_gmt":"2021-09-01T11:44:21","guid":{"rendered":"http:\/\/neoteckno.com\/?page_id=219"},"modified":"2021-09-01T13:50:59","modified_gmt":"2021-09-01T11:50:59","slug":"high-performance-computing","status":"publish","type":"page","link":"https:\/\/neoteckno.com\/index.php\/high-performance-computing\/","title":{"rendered":"High Performance Computing"},"content":{"rendered":"\n<figure class=\"wp-block-image size-large\"><img loading=\"lazy\" decoding=\"async\" width=\"1024\" height=\"287\" src=\"https:\/\/neoteckno.com\/wp-content\/uploads\/2021\/09\/HPC-1-1024x287.jpg\" alt=\"\" class=\"wp-image-217\" srcset=\"https:\/\/neoteckno.com\/wp-content\/uploads\/2021\/09\/HPC-1-1024x287.jpg 1024w, https:\/\/neoteckno.com\/wp-content\/uploads\/2021\/09\/HPC-1-300x84.jpg 300w, https:\/\/neoteckno.com\/wp-content\/uploads\/2021\/09\/HPC-1-768x215.jpg 768w, https:\/\/neoteckno.com\/wp-content\/uploads\/2021\/09\/HPC-1.jpg 1250w\" sizes=\"auto, (max-width: 1024px) 100vw, 1024px\" \/><\/figure>\n\n\n\n<p><strong>Mise en production de solutions de calcul optimis\u00e9es suivant vos exigences avec engagement sur les performances.<\/strong><\/p>\n\n\n\n<p><br><\/p>\n\n\n\n<p>Des \u00e9quipes techniques et avant-ventes qualifi\u00e9es analyse les besoins sp\u00e9cifiques requis par vos applications et optimisent l&rsquo;ensemble de la solution propos\u00e9e pour des performances et une int\u00e9gration optimale.<\/p>\n\n\n\n<p>Chaque composant d&rsquo;un cluster de calcul doit \u00eatre choisi avec soin:<\/p>\n\n\n\n<p><strong>Optimisation mat\u00e9rielle :<\/strong><\/p>\n\n\n\n<ul class=\"wp-block-list\"><li>Choix des constructeurs<\/li><li>Type de serveurs<\/li><li>Type de processeurs (Fr\u00e9quence \u00e9lev\u00e9e ou grand nombre de coeurs)<\/li><li>M\u00e9moire RAM<\/li><li>Interconnexion r\u00e9seau (du 1 Gb\/s au 100 Gb\/s, infiniband QDR\/FDR\/EDR)<\/li><li>Syst\u00e8me de stockage (NAS, SAN, DAS), technologie disques (cache SSD) <\/li><\/ul>\n\n\n\n<p><strong>Optimisation logicielle :<\/strong><\/p>\n\n\n\n<ul class=\"wp-block-list\" id=\"block-1b5bed4b-2ad6-434d-85db-9bbce8775066\"><li>Operating system, Linux (CentOS, RedHat, Debian, \u2026), Windows HPC serveur<\/li><li>Choix des librairies de parall\u00e9lisation (OpenMPI, IntelMPI, HPMPI, MSMPI, \u2026)<\/li><li>Choix des compilateurs, gestionnaires de batch, logiciel de supervision, \u2026<\/li><li>Une installation optimis\u00e9e de vos codes de calcul<\/li><\/ul>\n\n\n\n<p><strong>Les apports de NeoTeckno<\/strong><\/p>\n\n\n\n<ul class=\"wp-block-list\"><li>Des \u00e9quipes sp\u00e9cialis\u00e9es dans le calcul haute performance.<\/li><li>Une grande connaissance des constructeurs et des \u00e9diteurs.<\/li><li>Un service de grande qualit\u00e9 reconnu par nos clients.<\/li><li>La possibilit\u00e9 de faire des benchmark en avant-vente de vos codes de calcul afin de garantir les performances de la solution propos\u00e9e.<\/li><li>Des contrats de service et de support adaptables suivant vos besoins.<\/li><\/ul>\n","protected":false},"excerpt":{"rendered":"<p>Mise en production de solutions de calcul optimis\u00e9es suivant vos exigences avec engagement sur les performances. Des \u00e9quipes techniques et avant-ventes qualifi\u00e9es analyse les besoins sp\u00e9cifiques requis par vos applications et optimisent l&rsquo;ensemble de la solution propos\u00e9e pour des performances et une int\u00e9gration optimale. Chaque composant d&rsquo;un cluster de calcul doit \u00eatre choisi avec soin:<\/p><\/div>\n<div class=\"blog-btn\"><a href=\"https:\/\/neoteckno.com\/index.php\/high-performance-computing\/\" class=\"home-blog-btn\">Lire la suite<\/a><\/p>\n","protected":false},"author":1,"featured_media":0,"parent":0,"menu_order":0,"comment_status":"closed","ping_status":"closed","template":"","meta":{"footnotes":""},"class_list":["post-219","page","type-page","status-publish","hentry"],"_links":{"self":[{"href":"https:\/\/neoteckno.com\/index.php\/wp-json\/wp\/v2\/pages\/219","targetHints":{"allow":["GET"]}}],"collection":[{"href":"https:\/\/neoteckno.com\/index.php\/wp-json\/wp\/v2\/pages"}],"about":[{"href":"https:\/\/neoteckno.com\/index.php\/wp-json\/wp\/v2\/types\/page"}],"author":[{"embeddable":true,"href":"https:\/\/neoteckno.com\/index.php\/wp-json\/wp\/v2\/users\/1"}],"replies":[{"embeddable":true,"href":"https:\/\/neoteckno.com\/index.php\/wp-json\/wp\/v2\/comments?post=219"}],"version-history":[{"count":2,"href":"https:\/\/neoteckno.com\/index.php\/wp-json\/wp\/v2\/pages\/219\/revisions"}],"predecessor-version":[{"id":223,"href":"https:\/\/neoteckno.com\/index.php\/wp-json\/wp\/v2\/pages\/219\/revisions\/223"}],"wp:attachment":[{"href":"https:\/\/neoteckno.com\/index.php\/wp-json\/wp\/v2\/media?parent=219"}],"curies":[{"name":"wp","href":"https:\/\/api.w.org\/{rel}","templated":true}]}}