{"id":224,"date":"2021-09-01T13:55:56","date_gmt":"2021-09-01T11:55:56","guid":{"rendered":"http:\/\/neoteckno.com\/?page_id=224"},"modified":"2021-09-01T13:57:22","modified_gmt":"2021-09-01T11:57:22","slug":"stockage-2","status":"publish","type":"page","link":"https:\/\/neoteckno.com\/index.php\/stockage-2\/","title":{"rendered":"Stockage"},"content":{"rendered":"\n<figure class=\"wp-block-image size-full\"><img loading=\"lazy\" decoding=\"async\" width=\"850\" height=\"238\" src=\"https:\/\/neoteckno.com\/wp-content\/uploads\/2021\/09\/Stockage.jpg\" alt=\"\" class=\"wp-image-185\" srcset=\"https:\/\/neoteckno.com\/wp-content\/uploads\/2021\/09\/Stockage.jpg 850w, https:\/\/neoteckno.com\/wp-content\/uploads\/2021\/09\/Stockage-300x84.jpg 300w, https:\/\/neoteckno.com\/wp-content\/uploads\/2021\/09\/Stockage-768x215.jpg 768w\" sizes=\"auto, (max-width: 850px) 100vw, 850px\" \/><\/figure>\n\n\n\n<p><strong>Les besoins en stockage de donn\u00e9e font partie des enjeux majeurs inh\u00e9rents \u00e0 tout syst\u00e8me d&rsquo;information.<\/strong><\/p>\n\n\n\n<p><strong>NeoTeckno vous accompagne dans l\u2019audit de votre syst\u00e8me et dans l\u2019int\u00e9gration de nouveaux syst\u00e8mes de stockage.<\/strong><\/p>\n\n\n\n<ul class=\"wp-block-list\"><li>Optimisation de l\u2019existant<\/li><li>Ad\u00e9quation entre co\u00fbt du stockage et performance<\/li><li>Prise en compte de l&rsquo;\u00e9volutivit\u00e9<\/li><li>Niveaux de service (PRA, cluster de stockage)<\/li><li>R\u00e9duction des co\u00fbts environnementaux<\/li><li>R\u00e9duction des co\u00fbts de possession (TCO)<\/li><li>Ma\u00eetrise des d\u00e9penses d\u2019investissement (CAPEX)<\/li><\/ul>\n\n\n\n<p><strong>Neoteckno fournit et installe des solutions d\u2019infrastructure et de stockage cl\u00e9s en main pour r\u00e9pondre aux besoins de vos activit\u00e9s.<\/strong><br>Les solutions propos\u00e9es suivent les \u00e9volutions technologiques des principaux acteurs comme NetApp, Dell, HP, Supermicro, Lenovo, etc \u2026<\/p>\n\n\n\n<p>Nous avons des solutions pour r\u00e9pondre \u00e0 tous types de besoins<\/p>\n\n\n\n<ul class=\"wp-block-list\"><li>Stockage haute performance (GPFS, BeeGFS, Netapp)<\/li><li>Stockage sp\u00e9cialis\u00e9 pour architecture virtuelle<\/li><li>Stockage capacitif<\/li><li>Stockage pour infrastructure de sauvegarde<\/li><\/ul>\n","protected":false},"excerpt":{"rendered":"<p>Les besoins en stockage de donn\u00e9e font partie des enjeux majeurs inh\u00e9rents \u00e0 tout syst\u00e8me d&rsquo;information. NeoTeckno vous accompagne dans l\u2019audit de votre syst\u00e8me et dans l\u2019int\u00e9gration de nouveaux syst\u00e8mes de stockage. Optimisation de l\u2019existant Ad\u00e9quation entre co\u00fbt du stockage et performance Prise en compte de l&rsquo;\u00e9volutivit\u00e9 Niveaux de service (PRA, cluster de stockage) R\u00e9duction<\/p><\/div>\n<div class=\"blog-btn\"><a href=\"https:\/\/neoteckno.com\/index.php\/stockage-2\/\" class=\"home-blog-btn\">Lire la suite<\/a><\/p>\n","protected":false},"author":1,"featured_media":0,"parent":0,"menu_order":0,"comment_status":"closed","ping_status":"closed","template":"","meta":{"footnotes":""},"class_list":["post-224","page","type-page","status-publish","hentry"],"_links":{"self":[{"href":"https:\/\/neoteckno.com\/index.php\/wp-json\/wp\/v2\/pages\/224","targetHints":{"allow":["GET"]}}],"collection":[{"href":"https:\/\/neoteckno.com\/index.php\/wp-json\/wp\/v2\/pages"}],"about":[{"href":"https:\/\/neoteckno.com\/index.php\/wp-json\/wp\/v2\/types\/page"}],"author":[{"embeddable":true,"href":"https:\/\/neoteckno.com\/index.php\/wp-json\/wp\/v2\/users\/1"}],"replies":[{"embeddable":true,"href":"https:\/\/neoteckno.com\/index.php\/wp-json\/wp\/v2\/comments?post=224"}],"version-history":[{"count":1,"href":"https:\/\/neoteckno.com\/index.php\/wp-json\/wp\/v2\/pages\/224\/revisions"}],"predecessor-version":[{"id":225,"href":"https:\/\/neoteckno.com\/index.php\/wp-json\/wp\/v2\/pages\/224\/revisions\/225"}],"wp:attachment":[{"href":"https:\/\/neoteckno.com\/index.php\/wp-json\/wp\/v2\/media?parent=224"}],"curies":[{"name":"wp","href":"https:\/\/api.w.org\/{rel}","templated":true}]}}