{"id":228,"date":"2021-09-01T14:03:10","date_gmt":"2021-09-01T12:03:10","guid":{"rendered":"http:\/\/neoteckno.com\/?page_id=228"},"modified":"2021-09-01T14:03:11","modified_gmt":"2021-09-01T12:03:11","slug":"stations-de-travail","status":"publish","type":"page","link":"https:\/\/neoteckno.com\/index.php\/stations-de-travail\/","title":{"rendered":"Stations de travail"},"content":{"rendered":"\n<figure class=\"wp-block-image size-full\"><img loading=\"lazy\" decoding=\"async\" width=\"850\" height=\"238\" src=\"https:\/\/neoteckno.com\/wp-content\/uploads\/2021\/09\/Station.jpg\" alt=\"\" class=\"wp-image-183\" srcset=\"https:\/\/neoteckno.com\/wp-content\/uploads\/2021\/09\/Station.jpg 850w, https:\/\/neoteckno.com\/wp-content\/uploads\/2021\/09\/Station-300x84.jpg 300w, https:\/\/neoteckno.com\/wp-content\/uploads\/2021\/09\/Station-768x215.jpg 768w\" sizes=\"auto, (max-width: 850px) 100vw, 850px\" \/><\/figure>\n\n\n\n<p><strong>Une offre compl\u00e8te de stations de travail puissantes et \u00e9quip\u00e9es de cartes graphiques adapt\u00e9es aux logiciels d&rsquo;ing\u00e9nierie.<\/strong><\/p>\n\n\n\n<p>A la fois fournisseur et int\u00e9grateur NeoTeckno propose des offres d\u2019installation et d\u2019int\u00e9gration des principaux outils CAO, CFAO, Calcul, et PLM.<\/p>\n\n\n\n<p>Nous distribuons les stations de travail des plus grands constructeurs : HP, DELL, FUJITSU, LENOVO\u2026<\/p>\n\n\n\n<p>En tant qu&rsquo;int\u00e9grateur, nous sommes capables de construire des stations de travail r\u00e9pondant \u00e0 vos besoins sp\u00e9cifiques.<\/p>\n\n\n\n<p>Nous pouvons fournir des mat\u00e9riels correspondant aux pr\u00e9requis des \u00e9diteurs de logiciel (Dassault, Altair, Ansys, Siemens, \u2026) ou aux standards de l&rsquo;industrie (Airbus, PSA, Renault, \u2026)<\/p>\n\n\n\n<p>Syst\u00e8mes d\u2019exploitation Windows ou Linux \u00e0 la demande.<\/p>\n\n\n\n<figure class=\"wp-block-image size-full\"><img loading=\"lazy\" decoding=\"async\" width=\"850\" height=\"374\" src=\"https:\/\/neoteckno.com\/wp-content\/uploads\/2021\/09\/Station2.jpg\" alt=\"\" class=\"wp-image-184\" srcset=\"https:\/\/neoteckno.com\/wp-content\/uploads\/2021\/09\/Station2.jpg 850w, https:\/\/neoteckno.com\/wp-content\/uploads\/2021\/09\/Station2-300x132.jpg 300w, https:\/\/neoteckno.com\/wp-content\/uploads\/2021\/09\/Station2-768x338.jpg 768w\" sizes=\"auto, (max-width: 850px) 100vw, 850px\" \/><\/figure>\n","protected":false},"excerpt":{"rendered":"<p>Une offre compl\u00e8te de stations de travail puissantes et \u00e9quip\u00e9es de cartes graphiques adapt\u00e9es aux logiciels d&rsquo;ing\u00e9nierie. A la fois fournisseur et int\u00e9grateur NeoTeckno propose des offres d\u2019installation et d\u2019int\u00e9gration des principaux outils CAO, CFAO, Calcul, et PLM. Nous distribuons les stations de travail des plus grands constructeurs : HP, DELL, FUJITSU, LENOVO\u2026 En tant<\/p><\/div>\n<div class=\"blog-btn\"><a href=\"https:\/\/neoteckno.com\/index.php\/stations-de-travail\/\" class=\"home-blog-btn\">Lire la suite<\/a><\/p>\n","protected":false},"author":1,"featured_media":0,"parent":0,"menu_order":0,"comment_status":"closed","ping_status":"closed","template":"","meta":{"footnotes":""},"class_list":["post-228","page","type-page","status-publish","hentry"],"_links":{"self":[{"href":"https:\/\/neoteckno.com\/index.php\/wp-json\/wp\/v2\/pages\/228","targetHints":{"allow":["GET"]}}],"collection":[{"href":"https:\/\/neoteckno.com\/index.php\/wp-json\/wp\/v2\/pages"}],"about":[{"href":"https:\/\/neoteckno.com\/index.php\/wp-json\/wp\/v2\/types\/page"}],"author":[{"embeddable":true,"href":"https:\/\/neoteckno.com\/index.php\/wp-json\/wp\/v2\/users\/1"}],"replies":[{"embeddable":true,"href":"https:\/\/neoteckno.com\/index.php\/wp-json\/wp\/v2\/comments?post=228"}],"version-history":[{"count":1,"href":"https:\/\/neoteckno.com\/index.php\/wp-json\/wp\/v2\/pages\/228\/revisions"}],"predecessor-version":[{"id":229,"href":"https:\/\/neoteckno.com\/index.php\/wp-json\/wp\/v2\/pages\/228\/revisions\/229"}],"wp:attachment":[{"href":"https:\/\/neoteckno.com\/index.php\/wp-json\/wp\/v2\/media?parent=228"}],"curies":[{"name":"wp","href":"https:\/\/api.w.org\/{rel}","templated":true}]}}