{"id":243,"date":"2021-09-01T14:45:58","date_gmt":"2021-09-01T12:45:58","guid":{"rendered":"http:\/\/neoteckno.com\/?page_id=243"},"modified":"2021-09-02T16:06:39","modified_gmt":"2021-09-02T14:06:39","slug":"services-2","status":"publish","type":"page","link":"https:\/\/neoteckno.com\/index.php\/services-2\/","title":{"rendered":"Services"},"content":{"rendered":"\n<figure class=\"wp-block-image size-full\"><img loading=\"lazy\" decoding=\"async\" width=\"850\" height=\"238\" src=\"https:\/\/neoteckno.com\/wp-content\/uploads\/2021\/09\/Services.jpg\" alt=\"\" class=\"wp-image-180\" srcset=\"https:\/\/neoteckno.com\/wp-content\/uploads\/2021\/09\/Services.jpg 850w, https:\/\/neoteckno.com\/wp-content\/uploads\/2021\/09\/Services-300x84.jpg 300w, https:\/\/neoteckno.com\/wp-content\/uploads\/2021\/09\/Services-768x215.jpg 768w\" sizes=\"auto, (max-width: 850px) 100vw, 850px\" \/><\/figure>\n\n\n\n<p>Accompagnement et conseil<br>Support avant-vente<\/p>\n\n\n\n<p>Aide \u00e0 la d\u00e9finition des besoins et des cahiers des charges<\/p>\n\n\n\n<p>\u00c9tudes personnalis\u00e9es<\/p>\n\n\n\n<p>Int\u00e9gration et mise en production<br>R\u00e9alisation de produits sp\u00e9cifiques<\/p>\n\n\n\n<p>Recettes en nos locaux<\/p>\n\n\n\n<p>Installation sur site forfaitaire<\/p>\n\n\n\n<p>Mise en \u0153uvre et optimisation de vos applications<\/p>\n\n\n\n<p>Engagement de r\u00e9sultat<\/p>\n\n\n\n<p>Formations<\/p>\n\n\n\n<p>Financement<\/p>\n\n\n\n<figure class=\"wp-block-image size-full\"><img loading=\"lazy\" decoding=\"async\" width=\"850\" height=\"212\" src=\"https:\/\/neoteckno.com\/wp-content\/uploads\/2021\/09\/SouriService.jpg\" alt=\"\" class=\"wp-image-182\" srcset=\"https:\/\/neoteckno.com\/wp-content\/uploads\/2021\/09\/SouriService.jpg 850w, https:\/\/neoteckno.com\/wp-content\/uploads\/2021\/09\/SouriService-300x75.jpg 300w, https:\/\/neoteckno.com\/wp-content\/uploads\/2021\/09\/SouriService-768x192.jpg 768w\" sizes=\"auto, (max-width: 850px) 100vw, 850px\" \/><\/figure>\n","protected":false},"excerpt":{"rendered":"<p>Accompagnement et conseilSupport avant-vente Aide \u00e0 la d\u00e9finition des besoins et des cahiers des charges \u00c9tudes personnalis\u00e9es Int\u00e9gration et mise en productionR\u00e9alisation de produits sp\u00e9cifiques Recettes en nos locaux Installation sur site forfaitaire Mise en \u0153uvre et optimisation de vos applications Engagement de r\u00e9sultat Formations Financement<\/p>\n","protected":false},"author":1,"featured_media":0,"parent":0,"menu_order":0,"comment_status":"closed","ping_status":"closed","template":"","meta":{"footnotes":""},"class_list":["post-243","page","type-page","status-publish","hentry"],"_links":{"self":[{"href":"https:\/\/neoteckno.com\/index.php\/wp-json\/wp\/v2\/pages\/243","targetHints":{"allow":["GET"]}}],"collection":[{"href":"https:\/\/neoteckno.com\/index.php\/wp-json\/wp\/v2\/pages"}],"about":[{"href":"https:\/\/neoteckno.com\/index.php\/wp-json\/wp\/v2\/types\/page"}],"author":[{"embeddable":true,"href":"https:\/\/neoteckno.com\/index.php\/wp-json\/wp\/v2\/users\/1"}],"replies":[{"embeddable":true,"href":"https:\/\/neoteckno.com\/index.php\/wp-json\/wp\/v2\/comments?post=243"}],"version-history":[{"count":2,"href":"https:\/\/neoteckno.com\/index.php\/wp-json\/wp\/v2\/pages\/243\/revisions"}],"predecessor-version":[{"id":258,"href":"https:\/\/neoteckno.com\/index.php\/wp-json\/wp\/v2\/pages\/243\/revisions\/258"}],"wp:attachment":[{"href":"https:\/\/neoteckno.com\/index.php\/wp-json\/wp\/v2\/media?parent=243"}],"curies":[{"name":"wp","href":"https:\/\/api.w.org\/{rel}","templated":true}]}}