{"id":61,"date":"2021-08-31T10:58:37","date_gmt":"2021-08-31T08:58:37","guid":{"rendered":"http:\/\/neoteckno.com\/index.php\/colibri-wp\/"},"modified":"2021-09-03T14:07:57","modified_gmt":"2021-09-03T12:07:57","slug":"colibri-wp","status":"publish","type":"page","link":"https:\/\/neoteckno.com\/","title":{"rendered":"NEOTECKNO"},"content":{"rendered":"\n<div class=\"wp-block-columns is-layout-flex wp-block-columns-is-layout-flex\">\n<div class=\"wp-block-column is-layout-flow wp-block-column-is-layout-flow\">\n<div class=\"wp-block-image\"><figure class=\"aligncenter size-full\"><img loading=\"lazy\" decoding=\"async\" width=\"424\" height=\"283\" src=\"https:\/\/neoteckno.com\/wp-content\/uploads\/2021\/08\/Fotolia_57613932_XS.jpg\" alt=\"\" class=\"wp-image-48\" srcset=\"https:\/\/neoteckno.com\/wp-content\/uploads\/2021\/08\/Fotolia_57613932_XS.jpg 424w, https:\/\/neoteckno.com\/wp-content\/uploads\/2021\/08\/Fotolia_57613932_XS-300x200.jpg 300w\" sizes=\"auto, (max-width: 424px) 100vw, 424px\" \/><\/figure><\/div>\n\n\n\n<div class=\"wp-block-image\"><figure class=\"aligncenter size-full\"><img loading=\"lazy\" decoding=\"async\" width=\"300\" height=\"217\" src=\"https:\/\/neoteckno.com\/wp-content\/uploads\/2021\/09\/Hardware.jpg\" alt=\"\" class=\"wp-image-188\"\/><\/figure><\/div>\n<\/div>\n\n\n\n<div class=\"wp-block-column is-layout-flow wp-block-column-is-layout-flow\">\n<h4 class=\"has-text-align-center wp-block-heading\">Neoteckno est une soci\u00e9t\u00e9 sp\u00e9cialis\u00e9e dans le d\u00e9ploiement et l\u2019administration<br>d&rsquo;architectures HPC (High Performance Computing)<\/h4>\n\n\n\n<p>Notre offre est support\u00e9e par une \u00e9quipe de consultants et d\u2019expert technique passionn\u00e9 dont le premier objectif est la satisfaction de nos clients.<\/p>\n\n\n\n<p>Neoteckno a mis en place des partenariats op\u00e9rationnels avec les principaux fournisseurs de mat\u00e9riel et \u00e9diteurs de logiciels.<\/p>\n\n\n\n<p>Nos solutions innovantes r\u00e9solvent&nbsp;au quotidien des probl\u00e8mes d\u2019ing\u00e9nierie, de calcul et d\u2019analyse.<\/p>\n\n\n\n<p class=\"has-text-align-left\">Supporter et rester \u00e0 l\u2019\u00e9coute de l\u2019innovation est notre volont\u00e9.<\/p>\n<\/div>\n<\/div>\n\n\n\n<p><\/p>\n","protected":false},"excerpt":{"rendered":"<p>Neoteckno est une soci\u00e9t\u00e9 sp\u00e9cialis\u00e9e dans le d\u00e9ploiement et l\u2019administrationd&rsquo;architectures HPC (High Performance Computing) Notre offre est support\u00e9e par une \u00e9quipe de consultants et d\u2019expert technique passionn\u00e9 dont le premier objectif est la satisfaction de nos clients. Neoteckno a mis en place des partenariats op\u00e9rationnels avec les principaux fournisseurs de mat\u00e9riel et \u00e9diteurs de logiciels.<\/p><\/div>\n<div class=\"blog-btn\"><a href=\"https:\/\/neoteckno.com\/\" class=\"home-blog-btn\">Lire la suite<\/a><\/p>\n","protected":false},"author":1,"featured_media":0,"parent":0,"menu_order":0,"comment_status":"closed","ping_status":"closed","template":"","meta":{"footnotes":""},"class_list":["post-61","page","type-page","status-publish","hentry"],"_links":{"self":[{"href":"https:\/\/neoteckno.com\/index.php\/wp-json\/wp\/v2\/pages\/61","targetHints":{"allow":["GET"]}}],"collection":[{"href":"https:\/\/neoteckno.com\/index.php\/wp-json\/wp\/v2\/pages"}],"about":[{"href":"https:\/\/neoteckno.com\/index.php\/wp-json\/wp\/v2\/types\/page"}],"author":[{"embeddable":true,"href":"https:\/\/neoteckno.com\/index.php\/wp-json\/wp\/v2\/users\/1"}],"replies":[{"embeddable":true,"href":"https:\/\/neoteckno.com\/index.php\/wp-json\/wp\/v2\/comments?post=61"}],"version-history":[{"count":12,"href":"https:\/\/neoteckno.com\/index.php\/wp-json\/wp\/v2\/pages\/61\/revisions"}],"predecessor-version":[{"id":262,"href":"https:\/\/neoteckno.com\/index.php\/wp-json\/wp\/v2\/pages\/61\/revisions\/262"}],"wp:attachment":[{"href":"https:\/\/neoteckno.com\/index.php\/wp-json\/wp\/v2\/media?parent=61"}],"curies":[{"name":"wp","href":"https:\/\/api.w.org\/{rel}","templated":true}]}}