{"id":7,"date":"2021-08-31T10:18:58","date_gmt":"2021-08-31T08:18:58","guid":{"rendered":"http:\/\/neoteckno.com\/?page_id=7"},"modified":"2021-08-31T16:39:58","modified_gmt":"2021-08-31T14:39:58","slug":"contact","status":"publish","type":"page","link":"https:\/\/neoteckno.com\/index.php\/contact\/","title":{"rendered":"Contact"},"content":{"rendered":"\n<div id=\"cscf\" class=\"cscfBlock\">\n    <div class=\"cscfMessageSent\" style=\"display:none;\" role=\"status\" aria-live=\"polite\">\n\t\t<h3>Message envoy\u00e9<\/h3>\n<p>Merci pour votre message, nous vous r\u00e9pondrons au plus vite. <\/p>    <\/div>\n    <div class=\"cscfMessageNotSent\" style=\"display:none;\" role=\"alert\" aria-live=\"assertive\">\n\t\t<p>\n    D\u00e9sol\u00e9, un probl\u00e8me est survenu et votre message n&#039;a pu \u00eatre envoy\u00e9<\/p>\n    <\/div>\n    <div class=\"cscfForm\">\n        <p>Merci d'entrer vos informations de contact ci-dessous et nous vous r\u00e9pondrons d\u00e8s que possible<\/p>\n\n        <form role=\"form\" id=\"frmCSCF\" name=\"frmCSCF\" method=\"post\" novalidate>\n\t\t\t<input type=\"hidden\" id=\"cscf_nonce\" name=\"cscf_nonce\" value=\"f54f19a9d1\" \/><input type=\"hidden\" name=\"_wp_http_referer\" value=\"\/index.php\/wp-json\/wp\/v2\/pages\/7\" \/>            <input type=\"hidden\" name=\"post-id\" value=\"7\">\n\n\t\t\t\n            <!-- name -->\n            <div class=\"control-group form-group\">\n                <label for=\"cscf_name\">Nom :<\/label>\n\n\n                <div class=\"\">\n\t\t\t\t\t                    <input class=\"form-control input-xlarge\"\n                           data-rule-required=\"true\"\n                           data-msg-required=\"Entrez votre nom\"\n                           type=\"text\" id=\"cscf_name\" name=\"cscf[name]\"\n                           value=\"\"\n                           placeholder=\"Votre nom\"\n                           autocomplete=\"name\"\n                           aria-required=\"true\"\n                           aria-describedby=\"cscf_name_error\"\n                                               \/>\n                <\/div>\n                <span id=\"cscf_name_error\" class=\"help-inline help-block error\"\n                      style=\"display:none;\"\n                      role=\"alert\">\n                                    <\/span>\n            <\/div>\n\n\n            <!--email address-->\n            <div class=\"control-group form-group\">\n                <label for=\"cscf_email\">Adresse e-mail :<\/label>\n\n                <div class=\"\">\n\t\t\t\t\t                    <input class=\"form-control input-xlarge\"\n                           data-rule-required=\"true\"\n                           data-rule-email=\"true\"\n                           data-msg-required=\"Entrez votre adresse e-mail\"\n                           data-msg-email=\"Entrez une adresse e-mail valide\"\n                           type=\"email\" id=\"cscf_email\" name=\"cscf[email]\"\n                           value=\"\"\n                           placeholder=\"Votre adresse e-mail\"\n                           autocomplete=\"email\"\n                           aria-required=\"true\"\n                           aria-describedby=\"cscf_email_error\"\n                                               \/>\n                <\/div>\n                <span id=\"cscf_email_error\" class=\"help-inline help-block error\"\n                      style=\"display:none;\"\n                      role=\"alert\">\n                                    <\/span>\n            <\/div>\n\n\t\t\t                <!--confirm email address -->\n                <div class=\"control-group form-group\">\n                    <label for=\"cscf_confirm-email\">Confirmez l&#039;adresse e-mail :<\/label>\n                    <div class=\"\">\n\t\t\t\t\t\t                        <input class=\"form-control input-xlarge\"\n                               data-rule-required=\"true\"\n                               data-rule-email=\"true\"\n                               data-rule-equalTo=\"#cscf_email\"\n                               data-msg-required=\"Merci d&#039;entrer la m\u00eame adresse e-mail.\"\n                               data-msg-email=\"Entrez une adresse e-mail valide\"\n                               data-msg-equalTo=\"Merci d&#039;entrer la m\u00eame adresse e-mail.\"\n                               type=\"email\" id=\"cscf_confirm-email\" name=\"cscf[confirm-email]\"\n                               value=\"\"\n                               placeholder=\"Confirmez votre adresse e-mail\"\n                               autocomplete=\"email\"\n                               aria-required=\"true\"\n                               aria-describedby=\"cscf_confirm-email_error\"\n                                                       \/>\n                    <\/div>\n                    <span id=\"cscf_confirm-email_error\" class=\"help-inline help-block error\"\n                          style=\"display:none;\"\n                          role=\"alert\">\n                                    <\/span>\n                <\/div>\n\t\t\t\n\t\t\t                <!-- telephone number -->\n                <div class=\"control-group form-group\">\n                    <label for=\"cscf_phone-number\">Phone Number:<\/label>\n                    <div class=\"\">\n\t\t\t\t\t\t                        <input class=\"form-control input-xlarge\"\n                               data-rule-required=\"false\"\n\t\t\t\t\t\t\t   data-msg-required=\"Please give your phone number.\"\n\t\t\t\t\t\t\t   type=\"tel\" id=\"cscf_phone-number\" name=\"cscf[phone-number]\"\n                               value=\"\"\n                               placeholder=\"Your Phone Number\"\n                               autocomplete=\"tel\"\n                                                              aria-describedby=\"cscf_phone-number_error\"\n                                                       \/>\n                    <\/div>\n                    <span id=\"cscf_phone-number_error\" class=\"help-inline help-block error\"\n                          style=\"display:none;\"\n                          role=\"alert\">\n                                    <\/span>\n                <\/div>\n\t\t\t\n\n            <!-- message -->\n            <div class=\"control-group form-group\">\n                <label for=\"cscf_message\">Message :<\/label>\n                <div class=\"\">\n\t\t\t\t\t                    <textarea class=\"form-control input-xlarge\"\n                              data-rule-required=\"true\"\n                              data-msg-required=\"Merci d&#039;entrer un message\"\n                              id=\"cscf_message\" name=\"cscf[message]\" rows=\"10\"\n                              placeholder=\"Votre message\"\n                              aria-required=\"true\"\n                              aria-describedby=\"cscf_message_error\"\n                              ><\/textarea>\n                <\/div>\n\n                <span id=\"cscf_message_error\" class=\"help-inline help-block error\"\n                      style=\"display:none;\"\n                      role=\"alert\">\n                                    <\/span>\n            <\/div>\n\n\t\t\t\n\n\n\t\t\t\n            <!-- recaptcha -->\n\t\t\t\n                <div class=\"control-group form-group\">\n                    <div id=\"recaptcha_div\">\n                        <div class=\"g-recaptcha\" data-theme=\"light\"\n                             data-sitekey=\"6LeV_QcUAAAAAKDbeLXB-SHDKTAZdB3KPzhpLLrq\"><\/div>\n\n\n                        <div id=\"cscf_recaptcha_error\"\n                             class=\"help-inline help-block error\"\n                             role=\"alert\"><\/div>\n\n\n                        <noscript>\n                            <div style=\"width: 302px; height: 422px;\">\n                                <div style=\"width: 302px; height: 422px; position: relative;\">\n                                    <div style=\"width: 302px; height: 422px; position: absolute;\">\n                                        <iframe\n                                                src=\"https:\/\/www.google.com\/recaptcha\/api\/fallback?k=6LeV_QcUAAAAAKDbeLXB-SHDKTAZdB3KPzhpLLrq\"\n                                                frameborder=\"0\" scrolling=\"no\"\n                                                style=\"width: 302px; height:422px; border-style: none;\"\n                                                title=\"reCAPTCHA challenge\">\n                                        <\/iframe>\n                                    <\/div>\n                                    <div style=\"width: 300px; height: 60px; border-style: none;\n                  bottom: 12px; left: 25px; margin: 0px; padding: 0px; right: 25px;\n                  background: #f9f9f9; border: 1px solid #c1c1c1; border-radius: 3px;\">\n                                        <label for=\"g-recaptcha-response\" class=\"screen-reader-text\">reCAPTCHA response<\/label>\n                                        <textarea id=\"g-recaptcha-response\" name=\"g-recaptcha-response\"\n                                                  class=\"g-recaptcha-response\"\n                                                  style=\"width: 250px; height: 40px; border: 1px solid #c1c1c1;\n                                                         margin: 10px 25px; padding: 0px; resize: none;\"><\/textarea>\n                                    <\/div>\n                                <\/div>\n                            <\/div>\n                        <\/noscript>\n\n                    <\/div>\n                <\/div>\n\t\t\t            <input type=\"submit\" id=\"cscf_SubmitButton\" class=\"btn btn-default\"\n                   value=\"Envoyer le message\"\/>\n        <\/form>\n    <\/div>\n<\/div>\n","protected":false},"excerpt":{"rendered":"","protected":false},"author":1,"featured_media":0,"parent":0,"menu_order":0,"comment_status":"closed","ping_status":"closed","template":"","meta":{"footnotes":""},"class_list":["post-7","page","type-page","status-publish","hentry"],"_links":{"self":[{"href":"https:\/\/neoteckno.com\/index.php\/wp-json\/wp\/v2\/pages\/7","targetHints":{"allow":["GET"]}}],"collection":[{"href":"https:\/\/neoteckno.com\/index.php\/wp-json\/wp\/v2\/pages"}],"about":[{"href":"https:\/\/neoteckno.com\/index.php\/wp-json\/wp\/v2\/types\/page"}],"author":[{"embeddable":true,"href":"https:\/\/neoteckno.com\/index.php\/wp-json\/wp\/v2\/users\/1"}],"replies":[{"embeddable":true,"href":"https:\/\/neoteckno.com\/index.php\/wp-json\/wp\/v2\/comments?post=7"}],"version-history":[{"count":2,"href":"https:\/\/neoteckno.com\/index.php\/wp-json\/wp\/v2\/pages\/7\/revisions"}],"predecessor-version":[{"id":169,"href":"https:\/\/neoteckno.com\/index.php\/wp-json\/wp\/v2\/pages\/7\/revisions\/169"}],"wp:attachment":[{"href":"https:\/\/neoteckno.com\/index.php\/wp-json\/wp\/v2\/media?parent=7"}],"curies":[{"name":"wp","href":"https:\/\/api.w.org\/{rel}","templated":true}]}}